{"id":25,"date":"2015-09-12T09:56:11","date_gmt":"2015-09-12T09:56:11","guid":{"rendered":"http:\/\/finilamora.com\/?page_id=25"},"modified":"2024-06-02T18:19:37","modified_gmt":"2024-06-02T18:19:37","slug":"contacto","status":"publish","type":"page","link":"https:\/\/finilamora.com\/","title":{"rendered":"CONTACTO"},"content":{"rendered":"<p><span style=\"color: #ffffff;\">Fini Lamora<\/span> es una especialista en <strong><span style=\"color: #ffffff;\">Cartom\u00e1ncia ( Tarot )<\/span><\/strong> <strong><span style=\"color: #ffffff;\">y Clarividencia<\/span><\/strong> que realiza su actividad en Vigo desde hace ya m\u00e1s de <strong><span style=\"color: #ffffff;\">30 a\u00f1os.<\/span><\/strong><\/p>\n<p>Si desea hacer alguna consulta o ser atendido estamos en:<\/p>\n<p><span class=\"Apple-style-span\" style=\"color: #ffff99;\">C\/ Urzaiz 62 &#8211; 1\u00ba Izquierda &#8211; 36204<br \/>\nVIGO ( Pontevedra )<\/span><\/p>\n<p><img loading=\"lazy\" decoding=\"async\" class=\"alignnone wp-image-278\" src=\"https:\/\/finilamora.com\/wp-content\/uploads\/2021\/04\/msedge_2Dzk4pJPI7-e1618234686379.png\" alt=\"\" width=\"570\" height=\"246\" srcset=\"https:\/\/finilamora.com\/wp-content\/uploads\/2021\/04\/msedge_2Dzk4pJPI7-e1618234686379.png 635w, https:\/\/finilamora.com\/wp-content\/uploads\/2021\/04\/msedge_2Dzk4pJPI7-e1618234686379-300x129.png 300w\" sizes=\"auto, (max-width: 570px) 100vw, 570px\" \/><\/p>\n<p><span class=\"Apple-style-span\" style=\"color: #ffffff;\">Tfnos: 607 85 07 54<\/span><\/p>\n","protected":false},"excerpt":{"rendered":"<p>Fini Lamora es una especialista en Cartom\u00e1ncia ( Tarot ) y Clarividencia que realiza su actividad en Vigo desde hace ya m\u00e1s de 30 a\u00f1os. Si desea hacer alguna consulta o ser atendido estamos en: C\/ Urzaiz 62 &#8211; 1\u00ba Izquierda &#8211; 36204 VIGO ( Pontevedra ) Tfnos: 607 85 07 <\/p>\n","protected":false},"author":1,"featured_media":0,"parent":0,"menu_order":0,"comment_status":"closed","ping_status":"closed","template":"","meta":{"footnotes":""},"class_list":["post-25","page","type-page","status-publish","hentry"],"_links":{"self":[{"href":"https:\/\/finilamora.com\/index.php?rest_route=\/wp\/v2\/pages\/25","targetHints":{"allow":["GET"]}}],"collection":[{"href":"https:\/\/finilamora.com\/index.php?rest_route=\/wp\/v2\/pages"}],"about":[{"href":"https:\/\/finilamora.com\/index.php?rest_route=\/wp\/v2\/types\/page"}],"author":[{"embeddable":true,"href":"https:\/\/finilamora.com\/index.php?rest_route=\/wp\/v2\/users\/1"}],"replies":[{"embeddable":true,"href":"https:\/\/finilamora.com\/index.php?rest_route=%2Fwp%2Fv2%2Fcomments&post=25"}],"version-history":[{"count":22,"href":"https:\/\/finilamora.com\/index.php?rest_route=\/wp\/v2\/pages\/25\/revisions"}],"predecessor-version":[{"id":298,"href":"https:\/\/finilamora.com\/index.php?rest_route=\/wp\/v2\/pages\/25\/revisions\/298"}],"wp:attachment":[{"href":"https:\/\/finilamora.com\/index.php?rest_route=%2Fwp%2Fv2%2Fmedia&parent=25"}],"curies":[{"name":"wp","href":"https:\/\/api.w.org\/{rel}","templated":true}]}}